{"id":33717,"date":"2018-01-15T07:32:04","date_gmt":"2018-01-15T07:32:04","guid":{"rendered":"http:\/\/designjaap.com\/?page_id=33717"},"modified":"2023-03-28T06:47:55","modified_gmt":"2023-03-28T06:47:55","slug":"musea-perigueux-musee-dart-et-darcheologie-du-perigord","status":"publish","type":"page","link":"https:\/\/designjaap.com\/?page_id=33717","title":{"rendered":"museums P\u00e9rigueux: Mus\u00e9e d&#8217;art et d&#8217;arch\u00e9ologie du P\u00e9rigord"},"content":{"rendered":"\n<p><strong>museums P\u00e9rigueux: Mus\u00e9e d&#8217;art et d&#8217;arch\u00e9ologie du P\u00e9rigord<\/strong><br>[landscape position]<br>[portrait position]<\/p>\n\n\n\n<figure class=\"wp-block-gallery has-nested-images columns-default is-cropped wp-block-gallery-1 is-layout-flex wp-block-gallery-is-layout-flex\">\n<figure class=\"wp-block-image size-large\"><a href=\"https:\/\/designjaap.com\/wp-content\/uploads\/Musee-dart-et-darcheologie-du-Perigord-DSC_9264.jpg\"><img loading=\"lazy\" decoding=\"async\" width=\"1024\" height=\"683\" data-id=\"118809\" src=\"https:\/\/designjaap.com\/wp-content\/uploads\/Musee-dart-et-darcheologie-du-Perigord-DSC_9264-1024x683.jpg\" alt=\"\" class=\"wp-image-118809\" srcset=\"https:\/\/designjaap.com\/wp-content\/uploads\/Musee-dart-et-darcheologie-du-Perigord-DSC_9264-1024x683.jpg 1024w, https:\/\/designjaap.com\/wp-content\/uploads\/Musee-dart-et-darcheologie-du-Perigord-DSC_9264-300x200.jpg 300w, https:\/\/designjaap.com\/wp-content\/uploads\/Musee-dart-et-darcheologie-du-Perigord-DSC_9264-768x512.jpg 768w, https:\/\/designjaap.com\/wp-content\/uploads\/Musee-dart-et-darcheologie-du-Perigord-DSC_9264.jpg 1440w\" sizes=\"auto, (max-width: 1024px) 100vw, 1024px\" \/><\/a><figcaption class=\"wp-element-caption\">Mus\u00e9e d&#8217;art et d&#8217;arch\u00e9ologie du P\u00e9rigord 118804*<\/figcaption><\/figure>\n\n\n\n<figure class=\"wp-block-image size-large\"><a href=\"https:\/\/designjaap.com\/wp-content\/uploads\/Musee-dart-et-darcheologie-du-PerigordDSC_9266.jpg\"><img loading=\"lazy\" decoding=\"async\" width=\"1024\" height=\"683\" data-id=\"118806\" src=\"https:\/\/designjaap.com\/wp-content\/uploads\/Musee-dart-et-darcheologie-du-PerigordDSC_9266-1024x683.jpg\" alt=\"\" class=\"wp-image-118806\" srcset=\"https:\/\/designjaap.com\/wp-content\/uploads\/Musee-dart-et-darcheologie-du-PerigordDSC_9266-1024x683.jpg 1024w, https:\/\/designjaap.com\/wp-content\/uploads\/Musee-dart-et-darcheologie-du-PerigordDSC_9266-300x200.jpg 300w, https:\/\/designjaap.com\/wp-content\/uploads\/Musee-dart-et-darcheologie-du-PerigordDSC_9266-768x512.jpg 768w, https:\/\/designjaap.com\/wp-content\/uploads\/Musee-dart-et-darcheologie-du-PerigordDSC_9266.jpg 1440w\" sizes=\"auto, (max-width: 1024px) 100vw, 1024px\" \/><\/a><figcaption class=\"wp-element-caption\">Mus\u00e9e d&#8217;art et d&#8217;arch\u00e9ologie du P\u00e9rigord 118805*<\/figcaption><\/figure>\n\n\n\n<figure class=\"wp-block-image size-large\"><a href=\"https:\/\/designjaap.com\/wp-content\/uploads\/Musee-dart-et-darcheologie-du-PerigordDSC_9268.jpg\"><img loading=\"lazy\" decoding=\"async\" width=\"1024\" height=\"683\" data-id=\"118804\" src=\"https:\/\/designjaap.com\/wp-content\/uploads\/Musee-dart-et-darcheologie-du-PerigordDSC_9268-1024x683.jpg\" alt=\"\" class=\"wp-image-118804\" srcset=\"https:\/\/designjaap.com\/wp-content\/uploads\/Musee-dart-et-darcheologie-du-PerigordDSC_9268-1024x683.jpg 1024w, https:\/\/designjaap.com\/wp-content\/uploads\/Musee-dart-et-darcheologie-du-PerigordDSC_9268-300x200.jpg 300w, https:\/\/designjaap.com\/wp-content\/uploads\/Musee-dart-et-darcheologie-du-PerigordDSC_9268-768x512.jpg 768w, https:\/\/designjaap.com\/wp-content\/uploads\/Musee-dart-et-darcheologie-du-PerigordDSC_9268.jpg 1440w\" sizes=\"auto, (max-width: 1024px) 100vw, 1024px\" \/><\/a><figcaption class=\"wp-element-caption\">Mus\u00e9e d&#8217;art et d&#8217;arch\u00e9ologie du P\u00e9rigord 118806*<\/figcaption><\/figure>\n\n\n\n<figure class=\"wp-block-image size-large\"><a href=\"https:\/\/designjaap.com\/wp-content\/uploads\/Musee-dart-et-darcheologie-du-PerigordDSC_9271.jpg\"><img loading=\"lazy\" decoding=\"async\" width=\"1024\" height=\"683\" data-id=\"118805\" src=\"https:\/\/designjaap.com\/wp-content\/uploads\/Musee-dart-et-darcheologie-du-PerigordDSC_9271-1024x683.jpg\" alt=\"\" class=\"wp-image-118805\" srcset=\"https:\/\/designjaap.com\/wp-content\/uploads\/Musee-dart-et-darcheologie-du-PerigordDSC_9271-1024x683.jpg 1024w, https:\/\/designjaap.com\/wp-content\/uploads\/Musee-dart-et-darcheologie-du-PerigordDSC_9271-300x200.jpg 300w, https:\/\/designjaap.com\/wp-content\/uploads\/Musee-dart-et-darcheologie-du-PerigordDSC_9271-768x512.jpg 768w, https:\/\/designjaap.com\/wp-content\/uploads\/Musee-dart-et-darcheologie-du-PerigordDSC_9271.jpg 1440w\" sizes=\"auto, (max-width: 1024px) 100vw, 1024px\" \/><\/a><figcaption class=\"wp-element-caption\">Mus\u00e9e d&#8217;art et d&#8217;arch\u00e9ologie du P\u00e9rigord 118807*<\/figcaption><\/figure>\n\n\n\n<figure class=\"wp-block-image size-large\"><a href=\"https:\/\/designjaap.com\/wp-content\/uploads\/Musee-dart-et-darcheologie-du-PerigordDSC_9274.jpg\"><img loading=\"lazy\" decoding=\"async\" width=\"1024\" height=\"683\" data-id=\"118807\" src=\"https:\/\/designjaap.com\/wp-content\/uploads\/Musee-dart-et-darcheologie-du-PerigordDSC_9274-1024x683.jpg\" alt=\"\" class=\"wp-image-118807\" srcset=\"https:\/\/designjaap.com\/wp-content\/uploads\/Musee-dart-et-darcheologie-du-PerigordDSC_9274-1024x683.jpg 1024w, https:\/\/designjaap.com\/wp-content\/uploads\/Musee-dart-et-darcheologie-du-PerigordDSC_9274-300x200.jpg 300w, https:\/\/designjaap.com\/wp-content\/uploads\/Musee-dart-et-darcheologie-du-PerigordDSC_9274-768x512.jpg 768w, https:\/\/designjaap.com\/wp-content\/uploads\/Musee-dart-et-darcheologie-du-PerigordDSC_9274.jpg 1440w\" sizes=\"auto, (max-width: 1024px) 100vw, 1024px\" \/><\/a><figcaption class=\"wp-element-caption\">Mus\u00e9e d&#8217;art et d&#8217;arch\u00e9ologie du P\u00e9rigord 118808*<\/figcaption><\/figure>\n\n\n\n<figure class=\"wp-block-image size-large\"><a href=\"https:\/\/designjaap.com\/wp-content\/uploads\/Musee-dart-et-darcheologie-du-PerigordDSC_9279.jpg\"><img loading=\"lazy\" decoding=\"async\" width=\"1024\" height=\"683\" data-id=\"118808\" src=\"https:\/\/designjaap.com\/wp-content\/uploads\/Musee-dart-et-darcheologie-du-PerigordDSC_9279-1024x683.jpg\" alt=\"\" class=\"wp-image-118808\" srcset=\"https:\/\/designjaap.com\/wp-content\/uploads\/Musee-dart-et-darcheologie-du-PerigordDSC_9279-1024x683.jpg 1024w, https:\/\/designjaap.com\/wp-content\/uploads\/Musee-dart-et-darcheologie-du-PerigordDSC_9279-300x200.jpg 300w, https:\/\/designjaap.com\/wp-content\/uploads\/Musee-dart-et-darcheologie-du-PerigordDSC_9279-768x512.jpg 768w, https:\/\/designjaap.com\/wp-content\/uploads\/Musee-dart-et-darcheologie-du-PerigordDSC_9279.jpg 1440w\" sizes=\"auto, (max-width: 1024px) 100vw, 1024px\" \/><\/a><figcaption class=\"wp-element-caption\">Mus\u00e9e d&#8217;art et d&#8217;arch\u00e9ologie du P\u00e9rigord 118809*<\/figcaption><\/figure>\n\n\n\n<figure class=\"wp-block-image size-large\"><a href=\"https:\/\/designjaap.com\/wp-content\/uploads\/Musee-dart-et-darcheologie-du-PerigordDSC_9281.jpg\"><img loading=\"lazy\" decoding=\"async\" width=\"1024\" height=\"683\" data-id=\"118810\" src=\"https:\/\/designjaap.com\/wp-content\/uploads\/Musee-dart-et-darcheologie-du-PerigordDSC_9281-1024x683.jpg\" alt=\"\" class=\"wp-image-118810\" srcset=\"https:\/\/designjaap.com\/wp-content\/uploads\/Musee-dart-et-darcheologie-du-PerigordDSC_9281-1024x683.jpg 1024w, https:\/\/designjaap.com\/wp-content\/uploads\/Musee-dart-et-darcheologie-du-PerigordDSC_9281-300x200.jpg 300w, https:\/\/designjaap.com\/wp-content\/uploads\/Musee-dart-et-darcheologie-du-PerigordDSC_9281-768x512.jpg 768w, https:\/\/designjaap.com\/wp-content\/uploads\/Musee-dart-et-darcheologie-du-PerigordDSC_9281.jpg 1440w\" sizes=\"auto, (max-width: 1024px) 100vw, 1024px\" \/><\/a><figcaption class=\"wp-element-caption\">Mus\u00e9e d&#8217;art et d&#8217;arch\u00e9ologie du P\u00e9rigord 118810*<\/figcaption><\/figure>\n<\/figure>\n","protected":false},"excerpt":{"rendered":"<p>museums P\u00e9rigueux: Mus\u00e9e d&#8217;art et d&#8217;arch\u00e9ologie du P\u00e9rigord[landscape position][portrait position]<\/p>\n","protected":false},"author":1,"featured_media":0,"parent":0,"menu_order":0,"comment_status":"closed","ping_status":"closed","template":"","meta":{"footnotes":""},"wf_page_folders":[],"class_list":["post-33717","page","type-page","status-publish","hentry"],"_links":{"self":[{"href":"https:\/\/designjaap.com\/index.php?rest_route=\/wp\/v2\/pages\/33717","targetHints":{"allow":["GET"]}}],"collection":[{"href":"https:\/\/designjaap.com\/index.php?rest_route=\/wp\/v2\/pages"}],"about":[{"href":"https:\/\/designjaap.com\/index.php?rest_route=\/wp\/v2\/types\/page"}],"author":[{"embeddable":true,"href":"https:\/\/designjaap.com\/index.php?rest_route=\/wp\/v2\/users\/1"}],"replies":[{"embeddable":true,"href":"https:\/\/designjaap.com\/index.php?rest_route=%2Fwp%2Fv2%2Fcomments&post=33717"}],"version-history":[{"count":25,"href":"https:\/\/designjaap.com\/index.php?rest_route=\/wp\/v2\/pages\/33717\/revisions"}],"predecessor-version":[{"id":118815,"href":"https:\/\/designjaap.com\/index.php?rest_route=\/wp\/v2\/pages\/33717\/revisions\/118815"}],"wp:attachment":[{"href":"https:\/\/designjaap.com\/index.php?rest_route=%2Fwp%2Fv2%2Fmedia&parent=33717"}],"wp:term":[{"taxonomy":"wf_page_folders","embeddable":true,"href":"https:\/\/designjaap.com\/index.php?rest_route=%2Fwp%2Fv2%2Fwf_page_folders&post=33717"}],"curies":[{"name":"wp","href":"https:\/\/api.w.org\/{rel}","templated":true}]}}