{"id":114216,"date":"2023-02-23T12:52:37","date_gmt":"2023-02-23T12:52:37","guid":{"rendered":"https:\/\/designjaap.com\/?page_id=114216"},"modified":"2026-05-01T11:05:09","modified_gmt":"2026-05-01T11:05:09","slug":"museums-europe","status":"publish","type":"page","link":"https:\/\/designjaap.com\/?page_id=114216","title":{"rendered":"museums Europe"},"content":{"rendered":"\n<p><strong>museums Europe<\/strong><\/p>\n\n\n\n<p><strong>museums Belgium<\/strong><br><strong>Antwerp<\/strong><br><a href=\"https:\/\/designjaap.com\/?page_id=26094\" data-type=\"page\" data-id=\"26094\">Rubenshuis<\/a><br><a href=\"https:\/\/designjaap.com\/?page_id=118913\" data-type=\"page\" data-id=\"118913\">KMSKA &#8211; Koninklijk Museum voor Schone Kunsten Antwerpen<\/a><br><a href=\"https:\/\/designjaap.com\/?page_id=22300\" data-type=\"page\" data-id=\"22300\">Plantin Moretus<\/a><br><a href=\"https:\/\/designjaap.com\/?page_id=22385\" data-type=\"page\" data-id=\"22385\">MoMu (Modemuseum)<\/a><br><a href=\"https:\/\/designjaap.com\/?page_id=119015\" data-type=\"page\" data-id=\"119015\">Snijders &amp; Rockoxhuis<strong> <\/strong><\/a><br><a href=\"https:\/\/designjaap.com\/?page_id=29266\" data-type=\"page\" data-id=\"29266\">Maagdenhuismuseum<\/a><\/p>\n\n\n\n<p><strong>Brussels<\/strong><br><a href=\"https:\/\/designjaap.com\/?page_id=116569\">Koninklijke Musea voor Kunst en Geschiedenis<\/a><\/p>\n\n\n\n<p><strong>museums France<\/strong><br><strong>Paris<\/strong><br><a href=\"https:\/\/designjaap.com\/?page_id=22234\" data-type=\"page\" data-id=\"22234\">Mus\u00e9e Guimet<\/a><br><a href=\"https:\/\/designjaap.com\/?page_id=24920\" data-type=\"page\" data-id=\"24920\">Mus\u00e9e Rodin<\/a><\/p>\n\n\n\n<p><strong>Amiens<\/strong> <br><a href=\"https:\/\/designjaap.com\/?page_id=142329\" data-type=\"page\" data-id=\"142329\">Mus\u00e9e de Picardie<\/a><br><a href=\"https:\/\/designjaap.com\/?page_id=137947\" data-type=\"page\" data-id=\"137947\">Maison de Jules Verne<\/a><\/p>\n\n\n\n<p><strong>Rouen<\/strong><br><a href=\"https:\/\/designjaap.com\/?page_id=21473\" data-type=\"page\" data-id=\"21473\">Mus\u00e9e des Beaux Arts<\/a><br><a href=\"https:\/\/designjaap.com\/?page_id=21541\" data-type=\"page\" data-id=\"21541\">Mus\u00e9e de la C\u00e9ramique<\/a><\/p>\n\n\n\n<p><strong>Valloires<\/strong><br><a href=\"https:\/\/designjaap.com\/?page_id=142745\" data-type=\"page\" data-id=\"142745\">Valloires Abbey &amp; gardens<\/a><\/p>\n\n\n\n<p><strong>Honfleur<\/strong><br><a href=\"https:\/\/designjaap.com\/?page_id=141414\" data-type=\"page\" data-id=\"141414\">Mus\u00e9e Eug\u00e8ne Boudin<\/a><\/p>\n\n\n\n<p><strong>Colmar<\/strong><br><a href=\"http:\/\/designjaap.com\/?page_id=130687\">Mus\u00e9e Unterlinden<\/a><\/p>\n\n\n\n<p>Orschwiller<br><a href=\"https:\/\/designjaap.com\/?page_id=146522\">Ch\u00e2teau du Haut-Koenigsbourg<\/a><\/p>\n\n\n\n<p><br><strong>Chantilly<\/strong><br><a href=\"https:\/\/designjaap.com\/?page_id=33562\" data-type=\"page\" data-id=\"33562\">Ch\u00e2teau de Chantilly<\/a><\/p>\n\n\n\n<p><strong>Eu<\/strong> <br><a href=\"https:\/\/designjaap.com\/?page_id=21643\" data-type=\"page\" data-id=\"21643\">Ch\u00e2teau d&#8217;Eu <\/a><\/p>\n\n\n\n<p><strong>Castelnaud<\/strong><br><a href=\"https:\/\/designjaap.com\/?page_id=33649\" data-type=\"page\" data-id=\"33649\">Ch\u00e2teau Les Milandes<\/a><\/p>\n\n\n\n<p><strong>Celletes<\/strong><br><a href=\"https:\/\/designjaap.com\/?page_id=24138\" data-type=\"page\" data-id=\"24138\">Ch\u00e2teau de Beauregard<\/a><\/p>\n\n\n\n<p><strong>Chambord<\/strong><br><a href=\"https:\/\/designjaap.com\/?page_id=24017\" data-type=\"page\" data-id=\"24017\">Ch\u00e2teau de Chambord<\/a><\/p>\n\n\n\n<p><strong>Chenonceau<\/strong><br><a href=\"https:\/\/designjaap.com\/?page_id=24088\" data-type=\"page\" data-id=\"24088\">Ch\u00e2teau de Chenonceau<\/a><\/p>\n\n\n\n<p><strong>Cheverny<\/strong><br><a href=\"https:\/\/designjaap.com\/?page_id=24148\" data-type=\"page\" data-id=\"24148\">Ch\u00e2teau de Cheverny<\/a><\/p>\n\n\n\n<p><strong>Hautfort<\/strong><br><a href=\"https:\/\/designjaap.com\/?page_id=33672\" data-type=\"page\" data-id=\"33672\">Ch\u00e2teau de Hautefort<\/a><\/p>\n\n\n\n<p><strong>P\u00e9rigueux<\/strong><br><a href=\"https:\/\/designjaap.com\/?page_id=33717\" data-type=\"page\" data-id=\"33717\">Mus\u00e9e d&#8217;art et d&#8217;arch\u00e9ologie du P\u00e9rigord<\/a><\/p>\n\n\n\n<p><strong>Orange<\/strong><br><a href=\"https:\/\/designjaap.com\/?page_id=140536\" data-type=\"page\" data-id=\"140536\">Roman Theather<\/a><br><a href=\"https:\/\/designjaap.com\/?page_id=140663\" data-type=\"page\" data-id=\"140663\">Mus\u00e9e d&#8217;Art &amp; Histoire<\/a><\/p>\n\n\n\n<p><strong>Vers-Pont-du-Gard<\/strong><br><a href=\"https:\/\/designjaap.com\/?page_id=140704\" data-type=\"page\" data-id=\"140704\">Pont du Gard<\/a><\/p>\n\n\n\n<p><strong>N\u00eemes<\/strong><br><a href=\"https:\/\/designjaap.com\/?page_id=140764\" data-type=\"page\" data-id=\"140764\">Arena of N\u00eemes<\/a><br><a href=\"https:\/\/designjaap.com\/?page_id=140798\" data-type=\"page\" data-id=\"140798\">Maison Varree <\/a><\/p>\n\n\n\n<p><strong>Arles<\/strong><br><a href=\"https:\/\/designjaap.com\/?page_id=140844\" data-type=\"page\" data-id=\"140844\">Amphitheatre<\/a><br><a href=\"https:\/\/designjaap.com\/?page_id=140926\" data-type=\"page\" data-id=\"140926\">Roman Theatre <\/a><br><\/p>\n\n\n\n<p><strong>Monaco<\/strong><br><a href=\"https:\/\/designjaap.com\/?page_id=23788\" data-type=\"page\" data-id=\"23788\">Jardin Exotique de Monaco<\/a><br><a href=\"https:\/\/designjaap.com\/?page_id=23734\" data-type=\"page\" data-id=\"23734\">Mus\u00e9e Oc\u00e9anographique de Monaco<\/a><br><\/p>\n\n\n\n<p><strong>museums Germany<\/strong><br><strong>Berlin<\/strong><br><a href=\"https:\/\/designjaap.com\/?page_id=19156\" data-type=\"page\" data-id=\"19156\">Altes Museum<\/a><br><a href=\"https:\/\/designjaap.com\/?page_id=19211\" data-type=\"page\" data-id=\"19211\">Neues Museum<\/a><br><a href=\"https:\/\/designjaap.com\/?page_id=60546\" data-type=\"page\" data-id=\"60546\">Bode Museum<\/a><br><a href=\"https:\/\/designjaap.com\/?page_id=19341\" data-type=\"page\" data-id=\"19341\">Pergamonmuseum<\/a><br><a href=\"https:\/\/designjaap.com\/?page_id=60337\" data-type=\"page\" data-id=\"60337\">Alte Nationalgalerie<\/a><br><a href=\"https:\/\/designjaap.com\/?page_id=19633\" data-type=\"page\" data-id=\"19633\">Neue Synagoge<\/a><br><a href=\"https:\/\/designjaap.com\/?page_id=19441\" data-type=\"page\" data-id=\"19441\">Nikola\u00efkirche<\/a><br><a href=\"https:\/\/designjaap.com\/?page_id=19583\" data-type=\"page\" data-id=\"19583\">DDR Museum<\/a><br><a href=\"https:\/\/designjaap.com\/?page_id=19668\" data-type=\"page\" data-id=\"19668\">The Story of Berlin<\/a><br><a href=\"https:\/\/designjaap.com\/?page_id=40165\" data-type=\"page\" data-id=\"40165\">Schloss Charlottenburg<\/a><\/p>\n\n\n\n<p><strong>M\u00fcnster<\/strong><br><a href=\"https:\/\/designjaap.com\/?page_id=119333\" data-type=\"page\" data-id=\"119333\">LWL-Museum f\u00fcr Kunst und Kultur<\/a><\/p>\n\n\n\n<p><strong>Cologne<\/strong><br><a href=\"https:\/\/designjaap.com\/?page_id=19769\" data-type=\"page\" data-id=\"19769\">R\u00f6misch-Germanisches Museum<\/a><\/p>\n\n\n\n<p><strong>Aachen<\/strong><br><a href=\"https:\/\/designjaap.com\/?page_id=131102\" data-type=\"page\" data-id=\"131102\">Suermondt-Ludwig-Museum<\/a><\/p>\n\n\n\n<p><strong>Monschau<\/strong><br><a href=\"https:\/\/designjaap.com\/?page_id=131199\" data-type=\"page\" data-id=\"131199\">Museum Rotes Haus<\/a><\/p>\n\n\n\n<p><strong>Trier<\/strong><br><a href=\"https:\/\/designjaap.com\/?page_id=135844\" data-type=\"page\" data-id=\"135844\">Rheinisches Landesmuseum Trier<\/a><\/p>\n\n\n\n<p><strong>Dortmund<\/strong><br><a href=\"https:\/\/designjaap.com\/?page_id=19811\" data-type=\"page\" data-id=\"19811\">Dortmunder U<\/a><br><a href=\"https:\/\/designjaap.com\/?page_id=131024\" data-type=\"page\" data-id=\"131024\">Museum f\u00fcr Kunst und Kulturgeschichte<\/a><\/p>\n\n\n\n<p><strong>Essen<\/strong><br><a href=\"https:\/\/designjaap.com\/?page_id=54499\" data-type=\"page\" data-id=\"54499\">Museum Folkwang<\/a><br><a href=\"https:\/\/designjaap.com\/?page_id=32398\" data-type=\"page\" data-id=\"32398\">Alte Synagoge<\/a><\/p>\n\n\n\n<p><strong>Hanover<\/strong><br><a href=\"https:\/\/designjaap.com\/?page_id=119271\" data-type=\"page\" data-id=\"119271\">Museum August Kestner<\/a><\/p>\n\n\n\n<p><strong>Detmold<\/strong><br><a href=\"https:\/\/designjaap.com\/?page_id=118737\" data-type=\"page\" data-id=\"118737\">LWL-Freilichtmuseum Detmold<\/a><\/p>\n\n\n\n<p><strong>Regensburg<\/strong><br><a href=\"https:\/\/designjaap.com\/?page_id=52792\" data-type=\"page\" data-id=\"52792\">Historisches Museum Regensburg<\/a><\/p>\n\n\n\n<p><strong>Austria<\/strong><br><strong>Linz<\/strong><br><a href=\"https:\/\/designjaap.com\/?page_id=52977\" data-type=\"page\" data-id=\"52977\">Schlossmuseum Linz<\/a><\/p>\n\n\n\n<p><strong>Mayerling: <\/strong><br><a href=\"https:\/\/designjaap.com\/?page_id=139740\" data-type=\"page\" data-id=\"139740\">Schloss Mayerling<br><\/a><\/p>\n\n\n\n<p><strong>Switserland<\/strong><br><strong>Ballenberg<\/strong><br><a href=\"https:\/\/designjaap.com\/?page_id=132978\" data-type=\"page\" data-id=\"132978\">Freilichtmuseum der Schweiz<\/a><\/p>\n\n\n\n<p><strong>Meiringen<\/strong><br><a href=\"http:\/\/designjaap.com\/?page_id=133227\">Sherlock Holmes Museum Meiringen<\/a><\/p>\n\n\n\n<p><strong>museum Italy<\/strong><br><strong>Rome<\/strong><br><a href=\"https:\/\/designjaap.com\/?page_id=23523\" data-type=\"page\" data-id=\"23523\">Ara Pacis Augustae<\/a><br><a href=\"https:\/\/designjaap.com\/?page_id=22875\" data-type=\"page\" data-id=\"22875\">Collosseo<\/a><br><a href=\"https:\/\/designjaap.com\/?page_id=144922\" data-type=\"page\" data-id=\"144922\">Museo Nationale Romano Palazzo Massimo<\/a><br><a href=\"https:\/\/designjaap.com\/?page_id=22989\" data-type=\"page\" data-id=\"22989\">Fori Imperiali<\/a><br><a href=\"https:\/\/designjaap.com\/?page_id=22930\" data-type=\"page\" data-id=\"22930\">Forum Romanum<\/a><br><a href=\"https:\/\/designjaap.com\/?page_id=23047\" data-type=\"page\" data-id=\"23047\">Musei Captoloni<\/a><br><a href=\"https:\/\/designjaap.com\/?page_id=23290\" data-type=\"page\" data-id=\"23290\">Musei Vaticani<\/a><br><a href=\"https:\/\/designjaap.com\/?page_id=22969\" data-type=\"page\" data-id=\"22969\">Palatino<\/a><br><a href=\"https:\/\/designjaap.com\/?page_id=23565\" data-type=\"page\" data-id=\"23565\">Pallazzo Barberini<\/a><br><a href=\"https:\/\/designjaap.com\/?page_id=22913\" data-type=\"page\" data-id=\"22913\">Pantheon<\/a><br><a href=\"https:\/\/designjaap.com\/?page_id=22995\" data-type=\"page\" data-id=\"22995\">Villa Farnesina<\/a><br><a href=\"https:\/\/designjaap.com\/?page_id=145285\" data-type=\"page\" data-id=\"145285\">Palazzo Corsini<\/a><br><a href=\"https:\/\/designjaap.com\/?page_id=118819\" data-type=\"page\" data-id=\"118819\">Museo Nazionale Etrusco di Villa Giulia<\/a><\/p>\n\n\n\n<p><strong>Turin<\/strong><br><a href=\"https:\/\/designjaap.com\/?page_id=24805\" data-type=\"page\" data-id=\"24805\">Museo Egizio<\/a><\/p>\n\n\n\n<p><strong>Como<\/strong><br><a href=\"https:\/\/designjaap.com\/?page_id=65326\" data-type=\"page\" data-id=\"65326\">Civico Museo Archeologico Paolo Giovio<\/a><br><a href=\"https:\/\/designjaap.com\/?page_id=65415\" data-type=\"page\" data-id=\"65415\">Museo Storico Giuseppe Garibaldi<\/a><br><a href=\"https:\/\/designjaap.com\/?page_id=65235\" data-type=\"page\" data-id=\"65235\">Pinacoteca Civica di Como<\/a><\/p>\n\n\n\n<p><strong>Tremezzo<\/strong><br><a href=\"https:\/\/designjaap.com\/?page_id=64791\" data-type=\"page\" data-id=\"64791\">Villa Carlotta<\/a><\/p>\n\n\n\n<p><strong>Lenno<\/strong><br><a href=\"https:\/\/designjaap.com\/?page_id=64989\" data-type=\"page\" data-id=\"64989\">Villa Balbianello<\/a><\/p>\n\n\n\n<p><strong>Merano<\/strong><br><a href=\"https:\/\/designjaap.com\/?page_id=75470\" data-type=\"page\" data-id=\"75470\">Castel Trauttmanshoff<\/a><\/p>\n\n\n\n<p><strong>Trento<\/strong><br><a href=\"https:\/\/designjaap.com\/?page_id=74607\" data-type=\"page\" data-id=\"74607\">Castello de Buonconsiglio<\/a><\/p>\n\n\n\n<p><strong>Mantova<\/strong><br><a href=\"https:\/\/designjaap.com\/?page_id=23659\" data-type=\"page\" data-id=\"23659\">Palazzo Ducale<\/a><\/p>\n\n\n\n<p><strong>Chianciano Terme<\/strong><br><a href=\"https:\/\/designjaap.com\/?page_id=24971\" data-type=\"page\" data-id=\"24971\">Museo Etrusco Chianciano Terme<\/a><\/p>\n\n\n\n<p><strong>Gradara<\/strong><br><a href=\"https:\/\/designjaap.com\/?page_id=45477\" data-type=\"page\" data-id=\"45477\">Castello di Gradara<\/a><br><br><strong>Urbino<\/strong><br><a href=\"https:\/\/designjaap.com\/?page_id=44464\" data-type=\"page\" data-id=\"44464\">Oratorio San Giovanni<\/a><br><a href=\"https:\/\/designjaap.com\/?page_id=44181\" data-type=\"page\" data-id=\"44181\">Palazzo Ducale<\/a><\/p>\n\n\n\n<p><strong>Perugia<\/strong><br><a href=\"https:\/\/designjaap.com\/?page_id=119198\" data-type=\"page\" data-id=\"119198\">Museo Archeologico Nazionale dell&#8217;Umbria (MANU)<\/a><\/p>\n\n\n\n<p><strong>Orvieto<\/strong><br><a href=\"https:\/\/designjaap.com\/?page_id=119228\" data-type=\"page\" data-id=\"119228\">Museo Claudio Faina<\/a><\/p>\n\n\n\n<p><strong>Pesaro<\/strong><br><a href=\"https:\/\/designjaap.com\/?page_id=119365\" data-type=\"page\" data-id=\"119365\">Palazzo Mosca &#8211; Musei Civici<\/a><br><\/p>\n\n\n\n<p><strong>Pompeii<\/strong><br><a href=\"https:\/\/designjaap.com\/?page_id=24524\" data-type=\"page\" data-id=\"24524\">Musei Pompeii<\/a><\/p>\n\n\n\n<p><strong>Villanovaforru<\/strong><br><a href=\"https:\/\/designjaap.com\/?page_id=133636\" data-type=\"page\" data-id=\"133636\">Museo Civico Archeologico Genna Maria<\/a><\/p>\n\n\n\n<p><strong>Barumini<\/strong><br><a href=\"https:\/\/designjaap.com\/?page_id=133682\" data-type=\"page\" data-id=\"133682\">Su Nuaxi di Barumini <\/a><\/p>\n\n\n\n<p><strong>Czech Republic<\/strong><br><strong>Prague<\/strong><br><a href=\"https:\/\/designjaap.com\/?page_id=52268\" data-type=\"page\" data-id=\"52268\">Jewish Ceremonial Hall<\/a><br><a href=\"https:\/\/designjaap.com\/?page_id=52324\" data-type=\"page\" data-id=\"52324\">Klausen Synagoge<\/a><br><a href=\"https:\/\/designjaap.com\/?page_id=52406\" data-type=\"page\" data-id=\"52406\">Maisel Synagoge<\/a><br><a href=\"https:\/\/designjaap.com\/?page_id=52196\" data-type=\"page\" data-id=\"52196\">Old Jewish Cemetery<\/a><br><a href=\"https:\/\/designjaap.com\/?page_id=52107\" data-type=\"page\" data-id=\"52107\">Old-New Synagoge<\/a><br><a href=\"https:\/\/designjaap.com\/?page_id=52145\" data-type=\"page\" data-id=\"52145\">Pinkas Synagoge<\/a><br><a href=\"https:\/\/designjaap.com\/?page_id=52420\" data-type=\"page\" data-id=\"52420\">Spanish Synagoge<\/a><br><\/p>\n\n\n\n<p><strong>Denmark<\/strong><br><strong>Copenhagen<\/strong><br><a href=\"https:\/\/designjaap.com\/?page_id=37945\" data-type=\"page\" data-id=\"37945\">Nationalmuseet<\/a><\/p>\n\n\n\n<p><strong>Great Britain<\/strong><br><strong>London<\/strong><br><a href=\"https:\/\/designjaap.com\/?page_id=27248\" data-type=\"page\" data-id=\"27248\">The British Museum<\/a><br><a href=\"https:\/\/designjaap.com\/?page_id=27411\" data-type=\"page\" data-id=\"27411\">Victoria and Albert Museum<\/a><\/p>\n\n\n\n<p><strong>Richmond upon Thames<\/strong><br><a href=\"https:\/\/designjaap.com\/?page_id=53260\" data-type=\"page\" data-id=\"53260\">Hampton Court Palace<\/a><\/p>\n\n\n\n<p><strong>Edingburgh<\/strong><br><a href=\"https:\/\/designjaap.com\/?page_id=53349\" data-type=\"page\" data-id=\"53349\">The National Museum of Scotland<\/a><\/p>\n\n\n\n<p><\/p>\n","protected":false},"excerpt":{"rendered":"<p>museums Europe museums BelgiumAntwerpRubenshuisKMSKA &#8211; Koninklijk Museum voor Schone Kunsten AntwerpenPlantin MoretusMoMu (Modemuseum)Snijders &amp; Rockoxhuis Maagdenhuismuseum BrusselsKoninklijke Musea voor Kunst [&hellip;]<\/p>\n","protected":false},"author":1,"featured_media":0,"parent":0,"menu_order":0,"comment_status":"closed","ping_status":"closed","template":"","meta":{"footnotes":""},"wf_page_folders":[],"class_list":["post-114216","page","type-page","status-publish","hentry"],"_links":{"self":[{"href":"https:\/\/designjaap.com\/index.php?rest_route=\/wp\/v2\/pages\/114216","targetHints":{"allow":["GET"]}}],"collection":[{"href":"https:\/\/designjaap.com\/index.php?rest_route=\/wp\/v2\/pages"}],"about":[{"href":"https:\/\/designjaap.com\/index.php?rest_route=\/wp\/v2\/types\/page"}],"author":[{"embeddable":true,"href":"https:\/\/designjaap.com\/index.php?rest_route=\/wp\/v2\/users\/1"}],"replies":[{"embeddable":true,"href":"https:\/\/designjaap.com\/index.php?rest_route=%2Fwp%2Fv2%2Fcomments&post=114216"}],"version-history":[{"count":130,"href":"https:\/\/designjaap.com\/index.php?rest_route=\/wp\/v2\/pages\/114216\/revisions"}],"predecessor-version":[{"id":146713,"href":"https:\/\/designjaap.com\/index.php?rest_route=\/wp\/v2\/pages\/114216\/revisions\/146713"}],"wp:attachment":[{"href":"https:\/\/designjaap.com\/index.php?rest_route=%2Fwp%2Fv2%2Fmedia&parent=114216"}],"wp:term":[{"taxonomy":"wf_page_folders","embeddable":true,"href":"https:\/\/designjaap.com\/index.php?rest_route=%2Fwp%2Fv2%2Fwf_page_folders&post=114216"}],"curies":[{"name":"wp","href":"https:\/\/api.w.org\/{rel}","templated":true}]}}